{"id":3972,"date":"2023-10-10T21:56:43","date_gmt":"2023-10-10T19:56:43","guid":{"rendered":"http:\/\/ws-ladenbau.de\/?page_id=3972"},"modified":"2023-10-13T10:03:06","modified_gmt":"2023-10-13T08:03:06","slug":"datenschutz","status":"publish","type":"page","link":"https:\/\/ws-ladenbau.de\/?page_id=3972","title":{"rendered":"Datenschutz"},"content":{"rendered":"<section class=\"l-section wpb_row height_medium\"><div class=\"l-section-h i-cf\"><div class=\"g-cols vc_row via_grid cols_1 laptops-cols_inherit tablets-cols_inherit mobiles-cols_1 valign_top type_default stacking_default\"><div class=\"wpb_column vc_column_container us_custom_60e9caca us_animate_this\"><div class=\"vc_column-inner\"><div class=\"wpb_text_column\"><div class=\"wpb_wrapper\"><h3>DATENSCHUTZ<\/h3>\n<\/div><\/div><div class=\"w-separator size_large\"><\/div><div class=\"wpb_text_column\"><div class=\"wpb_wrapper\"><h3><strong>Datenschutzerkl\u00e4rung<\/strong><\/h3>\n<p><strong>1. Datenschutz auf einen Blick<\/strong><\/p>\n<p>Allgemeine Hinweise<\/p>\n<p>Die folgenden Hinweise geben einen einfachen \u00dcberblick dar\u00fcber, was mit Ihren personenbezogenen Daten<br \/>\npassiert, wenn Sie diese Website besuchen. Personenbezogene Daten sind alle Daten, mit denen Sie<br \/>\npers\u00f6nlich identifiziert werden k\u00f6nnen. Ausf\u00fchrliche Informationen zum Thema Datenschutz entnehmen<br \/>\nSie unserer unter diesem Text aufgef\u00fchrten Datenschutzerkl\u00e4rung.<\/p>\n<p>Datenerfassung auf dieser Website<\/p>\n<p>Wer ist verantwortlich f\u00fcr die Datenerfassung auf dieser Website?<br \/>\nDie Datenverarbeitung auf dieser Website erfolgt durch den Websitebetreiber. Dessen Kontaktdaten<br \/>\nk\u00f6nnen Sie dem Abschnitt \u201eHinweis zur Verantwortlichen Stelle\u201c in dieser Datenschutzerkl\u00e4rung entnehmen.<\/p>\n<p>Wie erfassen wir Ihre Daten?<br \/>\nIhre Daten werden zum einen dadurch erhoben, dass Sie uns diese mitteilen. Hierbei kann es sich z. B. um<br \/>\nDaten handeln, die Sie in ein Kontaktformular eingeben.<br \/>\nAndere Daten werden automatisch oder nach Ihrer Einwilligung beim Besuch der Website durch unsere ITSysteme<br \/>\nerfasst. Das sind vor allem technische Daten (z. B. Internetbrowser, Betriebssystem oder Uhrzeit<br \/>\ndes Seitenaufrufs). Die Erfassung dieser Daten erfolgt automatisch, sobald Sie diese Website betreten.<\/p>\n<p>Wof\u00fcr nutzen wir Ihre Daten?<br \/>\nEin Teil der Daten wird erhoben, um eine fehlerfreie Bereitstellung der Website zu gew\u00e4hrleisten. Andere<br \/>\nDaten k\u00f6nnen zur Analyse Ihres Nutzerverhaltens verwendet werden.<\/p>\n<p>Welche Rechte haben Sie bez\u00fcglich Ihrer Daten?<br \/>\nSie haben jederzeit das Recht, unentgeltlich Auskunft \u00fcber Herkunft, Empf\u00e4nger und Zweck Ihrer<br \/>\ngespeicherten personenbezogenen Daten zu erhalten. Sie haben au\u00dferdem ein Recht, die Berichtigung oder<br \/>\nL\u00f6schung dieser Daten zu verlangen. Wenn Sie eine Einwilligung zur Datenverarbeitung erteilt haben,<br \/>\nk\u00f6nnen Sie diese Einwilligung jederzeit f\u00fcr die Zukunft widerrufen. Au\u00dferdem haben Sie das Recht, unter<br \/>\nbestimmten Umst\u00e4nden die Einschr\u00e4nkung der Verarbeitung Ihrer personenbezogenen Daten zu verlangen.<br \/>\nDes Weiteren steht Ihnen ein Beschwerderecht bei der zust\u00e4ndigen Aufsichtsbeh\u00f6rde zu.<br \/>\nHierzu sowie zu weiteren Fragen zum Thema Datenschutz k\u00f6nnen Sie sich jederzeit an uns wenden.<br \/>\nAnalyse-Tools und Tools von Drittanbietern<br \/>\nBeim Besuch dieser Website kann Ihr Surf-Verhalten statistisch ausgewertet werden. Das geschieht vor<br \/>\nallem mit sogenannten Analyseprogrammen.<\/p>\n<p>Detaillierte Informationen zu diesen Analyseprogrammen finden Sie in der folgenden Datenschutzerkl\u00e4rung.<\/p>\n<p><strong>2. Hosting<\/strong><\/p>\n<p>Wir hosten die Inhalte unserer Website bei folgendem Anbieter:<br \/>\nExternes Hosting<br \/>\nDiese Website wird extern gehostet. Die personenbezogenen Daten, die auf dieser Website erfasst werden,<br \/>\nwerden auf den Servern des Hosters \/ der Hoster gespeichert. Hierbei kann es sich v. a. um IP-Adressen,<br \/>\nKontaktanfragen, Meta- und Kommunikationsdaten, Vertragsdaten, Kontaktdaten, Namen, Websitezugriffe<br \/>\nund sonstige Daten, die \u00fcber eine Website generiert werden, handeln.<br \/>\nDas externe Hosting erfolgt zum Zwecke der Vertragserf\u00fcllung gegen\u00fcber unseren potenziellen und<br \/>\nbestehenden Kunden (Art. 6 Abs. 1 lit. b DSGVO) und im Interesse einer sicheren, schnellen und effizienten<br \/>\nBereitstellung unseres Online-Angebots durch einen professionellen Anbieter (Art. 6 Abs. 1 lit. f DSGVO).<br \/>\nSofern eine entsprechende Einwilligung abgefragt wurde, erfolgt die Verarbeitung ausschlie\u00dflich auf<br \/>\nGrundlage von Art. 6 Abs. 1 lit. a DSGVO und \u00a7 25 Abs. 1 TTDSG, soweit die Einwilligung die Speicherung<br \/>\nvon Cookies oder den Zugriff auf Informationen im Endger\u00e4t des Nutzers (z. B. Device-Fingerprinting) im<br \/>\nSinne des TTDSG umfasst. Die Einwilligung ist jederzeit widerrufbar.<\/p>\n<p>Unser(e) Hoster wird bzw. werden Ihre Daten nur insoweit verarbeiten, wie dies zur Erf\u00fcllung seiner<br \/>\nLeistungspflichten erforderlich ist und unsere Weisungen in Bezug auf diese Daten befolgen.<br \/>\nWir setzen folgende(n) Hoster ein:<\/p>\n<p>united-domains AG<br \/>\nGautinger Stra\u00dfe 10<br \/>\n82319 Starnberg<\/p>\n<p><strong>3. Allgemeine Hinweise und Pflichtinformationen<\/strong><\/p>\n<p>Datenschutz<br \/>\nDie Betreiber dieser Seiten nehmen den Schutz Ihrer pers\u00f6nlichen Daten sehr ernst. Wir behandeln Ihre<br \/>\npersonenbezogenen Daten vertraulich und entsprechend den gesetzlichen Datenschutzvorschriften sowie<br \/>\ndieser Datenschutzerkl\u00e4rung.<\/p>\n<p>Wenn Sie diese Website benutzen, werden verschiedene personenbezogene Daten erhoben.<br \/>\nPersonenbezogene Daten sind Daten, mit denen Sie pers\u00f6nlich identifiziert werden k\u00f6nnen. Die vorliegende<br \/>\nDatenschutzerkl\u00e4rung erl\u00e4utert, welche Daten wir erheben und wof\u00fcr wir sie nutzen. Sie erl\u00e4utert auch, wie<br \/>\nund zu welchem Zweck das geschieht.<\/p>\n<p>Wir weisen darauf hin, dass die Daten\u00fcbertragung im Internet (z. B. bei der Kommunikation per E-Mail)<br \/>\nSicherheitsl\u00fccken aufweisen kann. Ein l\u00fcckenloser Schutz der Daten vor dem Zugriff durch Dritte ist nicht<br \/>\nm\u00f6glich.<\/p>\n<p><strong>Hinweis zur verantwortlichen Stelle<\/strong><\/p>\n<p>Die verantwortliche Stelle f\u00fcr die Datenverarbeitung auf dieser Website ist:<\/p>\n<p>Weimann und Steinke \u2013 Ladenbau f\u00fcr B\u00e4ckereien und Gastronomie GmbH<br \/>\nMax-Planck-Stra\u00dfe 4<br \/>\n25335 Elmshorn<br \/>\nTelefon: 04121 \u2013 57 80 58-0<br \/>\nE-Mail: info@ws-ladenbau.de<\/p>\n<p>Verantwortliche Stelle ist die nat\u00fcrliche oder juristische Person, die allein oder gemeinsam mit anderen \u00fcber<br \/>\ndie Zwecke und Mittel der Verarbeitung von personenbezogenen Daten (z. B. Namen, E-Mail-Adressen o. \u00c4.)<br \/>\nentscheidet.<\/p>\n<p><strong>Speicherdauer<\/strong><br \/>\nSoweit innerhalb dieser Datenschutzerkl\u00e4rung keine speziellere Speicherdauer genannt wurde, verbleiben<br \/>\nIhre personenbezogenen Daten bei uns, bis der Zweck f\u00fcr die Datenverarbeitung entf\u00e4llt. Wenn Sie ein<br \/>\nberechtigtes L\u00f6schersuchen geltend machen oder eine Einwilligung zur Datenverarbeitung widerrufen,<br \/>\nwerden Ihre Daten gel\u00f6scht, sofern wir keine anderen rechtlich zul\u00e4ssigen Gr\u00fcnde f\u00fcr die Speicherung Ihrer<br \/>\npersonenbezogenen Daten haben (z. B. steuer- oder handelsrechtliche Aufbewahrungsfristen); im<br \/>\nletztgenannten Fall erfolgt die L\u00f6schung nach Fortfall dieser Gr\u00fcnde.<br \/>\nAllgemeine Hinweise zu den Rechtsgrundlagen der Datenverarbeitung auf dieser<\/p>\n<p><strong>Website<\/strong><br \/>\nSofern Sie in die Datenverarbeitung eingewilligt haben, verarbeiten wir Ihre personenbezogenen Daten auf<br \/>\nGrundlage von Art. 6 Abs. 1 lit. a DSGVO bzw. Art. 9 Abs. 2 lit. a DSGVO, sofern besondere Datenkategorien<br \/>\nnach Art. 9 Abs. 1 DSGVO verarbeitet werden. Im Falle einer ausdr\u00fccklichen Einwilligung in die \u00dcbertragung<br \/>\npersonenbezogener Daten in Drittstaaten erfolgt die Datenverarbeitung au\u00dferdem auf Grundlage von Art.<br \/>\n49 Abs. 1 lit. a DSGVO. Sofern Sie in die Speicherung von Cookies oder in den Zugriff auf Informationen in<br \/>\nIhr Endger\u00e4t (z. B. via Device-Fingerprinting) eingewilligt haben, erfolgt die Datenverarbeitung zus\u00e4tzlich<br \/>\nauf Grundlage von \u00a7 25 Abs. 1 TTDSG. Die Einwilligung ist jederzeit widerrufbar. Sind Ihre Daten zur<br \/>\nVertragserf\u00fcllung oder zur Durchf\u00fchrung vorvertraglicher Ma\u00dfnahmen erforderlich, verarbeiten wir Ihre<br \/>\nDaten auf Grundlage des Art. 6 Abs. 1 lit. b DSGVO. Des Weiteren verarbeiten wir Ihre Daten, sofern diese<br \/>\nzur Erf\u00fcllung einer rechtlichen Verpflichtung erforderlich sind auf Grundlage von Art. 6 Abs. 1 lit. c DSGVO.<br \/>\nDie Datenverarbeitung kann ferner auf Grundlage unseres berechtigten Interesses nach Art. 6 Abs. 1 lit. f<br \/>\nDSGVO erfolgen. \u00dcber die jeweils im Einzelfall einschl\u00e4gigen Rechtsgrundlagen wird in den folgenden<br \/>\nAbs\u00e4tzen dieser Datenschutzerkl\u00e4rung informiert.<\/p>\n<p>Hinweis zur Datenweitergabe in datenschutzrechtlich nicht sichere Drittstaaten sowie<br \/>\ndie Weitergabe an US-Unternehmen, die nicht DPF-zertifiziert sind<\/p>\n<p>Wir verwenden unter anderem Tools von Unternehmen mit Sitz in datenschutzrechtlich nicht sicheren<br \/>\nDrittstaaten sowie US-Tools, deren Anbieter nicht nach dem EU-US-Data Privacy Framework (DPF)<br \/>\nzertifiziert sind. Wenn diese Tools aktiv sind, k\u00f6nnen Ihre personenbezogene Daten in diese Staaten<br \/>\n\u00fcbertragen und dort verarbeitet werden. Wir weisen darauf hin, dass in datenschutzrechtlich unsicheren<br \/>\nDrittstaaten kein mit der EU vergleichbares Datenschutzniveau garantiert werden kann.<br \/>\nWir weisen darauf hin, dass die USA als sicherer Drittstaat grunds\u00e4tzlich ein mit der EU vergleichbares<br \/>\nDatenschutzniveau aufweisen. Eine Daten\u00fcbertragung in die USA ist danach zul\u00e4ssig, wenn der Empf\u00e4nger<br \/>\neine Zertifizierung unter dem \u201eEU-US Data Privacy Framework\u201c (DPF) besitzt oder \u00fcber geeignete<br \/>\nzus\u00e4tzliche Garantien verf\u00fcgt. Informationen zu \u00dcbermittlungen an Drittstaaten einschlie\u00dflich der<br \/>\nDatenempf\u00e4nger finden Sie in dieser Datenschutzerkl\u00e4rung.<\/p>\n<p><strong>Empf\u00e4nger von personenbezogenen Daten<\/strong><br \/>\nIm Rahmen unserer Gesch\u00e4ftst\u00e4tigkeit arbeiten wir mit verschiedenen externen Stellen zusammen. Dabei<br \/>\nist teilweise auch eine \u00dcbermittlung von personenbezogenen Daten an diese externen Stellen erforderlich.<br \/>\nWir geben personenbezogene Daten nur dann an externe Stellen weiter, wenn dies im Rahmen einer<br \/>\nVertragserf\u00fcllung erforderlich ist, wenn wir gesetzlich hierzu verpflichtet sind (z. B. Weitergabe von Daten<br \/>\nan Steuerbeh\u00f6rden), wenn wir ein berechtigtes Interesse nach Art. 6 Abs. 1 lit. f DSGVO an der Weitergabe<br \/>\nhaben oder wenn eine sonstige Rechtsgrundlage die Datenweitergabe erlaubt. Beim Einsatz von<br \/>\nAuftragsverarbeitern geben wir personenbezogene Daten unserer Kunden nur auf Grundlage eines g\u00fcltigen<br \/>\nVertrags \u00fcber Auftragsverarbeitung weiter. Im Falle einer gemeinsamen Verarbeitung wird ein Vertrag \u00fcber<br \/>\ngemeinsame Verarbeitung geschlossen.<\/p>\n<p><strong>Widerruf Ihrer Einwilligung zur Datenverarbeitung<\/strong><br \/>\nViele Datenverarbeitungsvorg\u00e4nge sind nur mit Ihrer ausdr\u00fccklichen Einwilligung m\u00f6glich. Sie k\u00f6nnen eine<br \/>\nbereits erteilte Einwilligung jederzeit widerrufen. Die Rechtm\u00e4\u00dfigkeit der bis zum Widerruf erfolgten<br \/>\nDatenverarbeitung bleibt vom Widerruf unber\u00fchrt.<br \/>\nWiderspruchsrecht gegen die Datenerhebung in besonderen F\u00e4llen sowie gegen Direktwerbung (Art. 21 DSGVO)<\/p>\n<p>WENN DIE DATENVERARBEITUNG AUF GRUNDLAGE VON ART. 6 ABS. 1 LIT. E ODER F DSGVO<br \/>\nERFOLGT, HABEN SIE JEDERZEIT DAS RECHT, AUS GR\u00dcNDEN, DIE SICH AUS IHRER BESONDEREN<br \/>\nSITUATION ERGEBEN, GEGEN DIE VERARBEITUNG IHRER PERSONENBEZOGENEN DATEN<br \/>\nWIDERSPRUCH EINZULEGEN; DIES GILT AUCH F\u00dcR EIN AUF DIESE BESTIMMUNGEN GEST\u00dcTZTES<br \/>\nPROFILING. DIE JEWEILIGE RECHTSGRUNDLAGE, AUF DENEN EINE VERARBEITUNG BERUHT,<br \/>\nENTNEHMEN SIE DIESER DATENSCHUTZERKL\u00c4RUNG. WENN SIE WIDERSPRUCH EINLEGEN,<br \/>\nWERDEN WIR IHRE BETROFFENEN PERSONENBEZOGENEN DATEN NICHT MEHR VERARBEITEN, ES<br \/>\nSEI DENN, WIR K\u00d6NNEN ZWINGENDE SCHUTZW\u00dcRDIGE GR\u00dcNDE F\u00dcR DIE VERARBEITUNG<br \/>\nNACHWEISEN, DIE IHRE INTERESSEN, RECHTE UND FREIHEITEN \u00dcBERWIEGEN ODER DIE<br \/>\nVERARBEITUNG DIENT DER GELTENDMACHUNG, AUS\u00dcBUNG ODER VERTEIDIGUNG VON<br \/>\nRECHTSANSPR\u00dcCHEN (WIDERSPRUCH NACH ART. 21 ABS. 1 DSGVO).<br \/>\nWERDEN IHRE PERSONENBEZOGENEN DATEN VERARBEITET, UM DIREKTWERBUNG ZU BETREIBEN,<br \/>\nSO HABEN SIE DAS RECHT, JEDERZEIT WIDERSPRUCH GEGEN DIE VERARBEITUNG SIE<br \/>\nBETREFFENDER PERSONENBEZOGENER DATEN ZUM ZWECKE DERARTIGER WERBUNG<br \/>\nEINZULEGEN; DIES GILT AUCH F\u00dcR DAS PROFILING, SOWEIT ES MIT SOLCHER DIREKTWERBUNG IN<br \/>\nVERBINDUNG STEHT. WENN SIE WIDERSPRECHEN, WERDEN IHRE PERSONENBEZOGENEN DATEN<br \/>\nANSCHLIESSEND NICHT MEHR ZUM ZWECKE DER DIREKTWERBUNG VERWENDET (WIDERSPRUCH<br \/>\nNACH ART. 21 ABS. 2 DSGVO).<\/p>\n<p><strong>Beschwerderecht bei der zust\u00e4ndigen Aufsichtsbeh\u00f6rde<\/strong><\/p>\n<p>Im Falle von Verst\u00f6\u00dfen gegen die DSGVO steht den Betroffenen ein Beschwerderecht bei einer<br \/>\nAufsichtsbeh\u00f6rde, insbesondere in dem Mitgliedstaat ihres gew\u00f6hnlichen Aufenthalts, ihres Arbeitsplatzes<br \/>\noder des Orts des mutma\u00dflichen Versto\u00dfes zu. Das Beschwerderecht besteht unbeschadet anderweitiger<br \/>\nverwaltungsrechtlicher oder gerichtlicher Rechtsbehelfe.<\/p>\n<p><strong>Recht auf Daten\u00fcbertragbarkeit<\/strong><\/p>\n<p>Sie haben das Recht, Daten, die wir auf Grundlage Ihrer Einwilligung oder in Erf\u00fcllung eines Vertrags<br \/>\nautomatisiert verarbeiten, an sich oder an einen Dritten in einem g\u00e4ngigen, maschinenlesbaren Format<br \/>\naush\u00e4ndigen zu lassen. Sofern Sie die direkte \u00dcbertragung der Daten an einen anderen Verantwortlichen<br \/>\nverlangen, erfolgt dies nur, soweit es technisch machbar ist.<\/p>\n<p><strong>Auskunft, Berichtigung und L\u00f6schung<\/strong><\/p>\n<p>Sie haben im Rahmen der geltenden gesetzlichen Bestimmungen jederzeit das Recht auf unentgeltliche<br \/>\nAuskunft \u00fcber Ihre gespeicherten personenbezogenen Daten, deren Herkunft und Empf\u00e4nger und den<br \/>\nZweck der Datenverarbeitung und ggf. ein Recht auf Berichtigung oder L\u00f6schung dieser Daten. Hierzu sowie<br \/>\nzu weiteren Fragen zum Thema personenbezogene Daten k\u00f6nnen Sie sich jederzeit an uns wenden.<br \/>\nRecht auf Einschr\u00e4nkung der Verarbeitung<br \/>\nSie haben das Recht, die Einschr\u00e4nkung der Verarbeitung Ihrer personenbezogenen Daten zu verlangen.<\/p>\n<p>Hierzu k\u00f6nnen Sie sich jederzeit an uns wenden. Das Recht auf Einschr\u00e4nkung der Verarbeitung besteht in<br \/>\nfolgenden F\u00e4llen:<\/p>\n<p>Wenn Sie die Richtigkeit Ihrer bei uns gespeicherten personenbezogenen Daten bestreiten, ben\u00f6tigen wir<br \/>\nin der Regel Zeit, um dies zu \u00fcberpr\u00fcfen. F\u00fcr die Dauer der Pr\u00fcfung haben Sie das Recht, die<br \/>\nEinschr\u00e4nkung der Verarbeitung Ihrer personenbezogenen Daten zu verlangen.<br \/>\nWenn die Verarbeitung Ihrer personenbezogenen Daten unrechtm\u00e4\u00dfig geschah\/geschieht, k\u00f6nnen Sie<br \/>\nstatt der L\u00f6schung die Einschr\u00e4nkung der Datenverarbeitung verlangen.<br \/>\nWenn wir Ihre personenbezogenen Daten nicht mehr ben\u00f6tigen, Sie sie jedoch zur Aus\u00fcbung,<br \/>\nVerteidigung oder Geltendmachung von Rechtsanspr\u00fcchen ben\u00f6tigen, haben Sie das Recht, statt der<br \/>\nL\u00f6schung die Einschr\u00e4nkung der Verarbeitung Ihrer personenbezogenen Daten zu verlangen.<br \/>\nWenn Sie einen Widerspruch nach Art. 21 Abs. 1 DSGVO eingelegt haben, muss eine Abw\u00e4gung zwischen<br \/>\nIhren und unseren Interessen vorgenommen werden. Solange noch nicht feststeht, wessen Interessen<br \/>\n\u00fcberwiegen, haben Sie das Recht, die Einschr\u00e4nkung der Verarbeitung Ihrer personenbezogenen Daten<br \/>\nzu verlangen.<\/p>\n<p>Wenn Sie die Verarbeitung Ihrer personenbezogenen Daten eingeschr\u00e4nkt haben, d\u00fcrfen diese Daten \u2013 von<br \/>\nihrer Speicherung abgesehen \u2013 nur mit Ihrer Einwilligung oder zur Geltendmachung, Aus\u00fcbung oder<br \/>\nVerteidigung von Rechtsanspr\u00fcchen oder zum Schutz der Rechte einer anderen nat\u00fcrlichen oder<br \/>\njuristischen Person oder aus Gr\u00fcnden eines wichtigen \u00f6ffentlichen Interesses der Europ\u00e4ischen Union oder<br \/>\neines Mitgliedstaats verarbeitet werden.<\/p>\n<p><strong>4. Plugins und Tools<\/strong><\/p>\n<p>Google Fonts<br \/>\nDiese Seite nutzt zur einheitlichen Darstellung von Schriftarten so genannte Google Fonts, die von Google<br \/>\nbereitgestellt werden. Beim Aufruf einer Seite l\u00e4dt Ihr Browser die ben\u00f6tigten Fonts in ihren Browsercache,<br \/>\num Texte und Schriftarten korrekt anzuzeigen.<br \/>\nZu diesem Zweck muss der von Ihnen verwendete Browser Verbindung zu den Servern von Google<br \/>\naufnehmen. Hierdurch erlangt Google Kenntnis dar\u00fcber, dass \u00fcber Ihre IP-Adresse diese Website aufgerufen wurde. Die Nutzung von Google Fonts erfolgt auf Grundlage von Art. 6 Abs. 1 lit. f DSGVO. Der Websitebetreiber hat ein berechtigtes Interesse an der einheitlichen Darstellung des Schriftbildes auf seiner<br \/>\nWebsite. Sofern eine entsprechende Einwilligung abgefragt wurde, erfolgt die Verarbeitung ausschlie\u00dflich<br \/>\nauf Grundlage von Art. 6 Abs. 1 lit. a DSGVO und \u00a7 25 Abs. 1 TTDSG, soweit die Einwilligung die Speicherung<br \/>\nvon Cookies oder den Zugriff auf Informationen im Endger\u00e4t des Nutzers (z. B. Device-Fingerprinting) im<br \/>\nSinne des TTDSG umfasst. Die Einwilligung ist jederzeit widerrufbar.<\/p>\n<p>Wenn Ihr Browser Google Fonts nicht unterst\u00fctzt, wird eine Standardschrift von Ihrem Computer genutzt.<br \/>\nWeitere Informationen zu Google Fonts finden Sie unter<\/p>\n<p>https:\/\/developers.google.com\/fonts\/faq und in der Datenschutzerkl\u00e4rung von Google:<br \/>\nhttps:\/\/policies.google.com\/privacy?hl=de.<\/p>\n<p>Das Unternehmen verf\u00fcgt \u00fcber eine Zertifizierung nach dem \u201eEU-US Data Privacy Framework\u201c (DPF). Der<br \/>\nDPF ist ein \u00dcbereinkommen zwischen der Europ\u00e4ischen Union und den USA, der die Einhaltung<br \/>\neurop\u00e4ischer Datenschutzstandards bei Datenverarbeitungen in den USA gew\u00e4hrleisten soll. Jedes nach<br \/>\ndem DPF zertifizierte Unternehmen verpflichtet sich, diese Datenschutzstandards einzuhalten. Weitere<br \/>\nInformationen hierzu erhalten Sie vom Anbieter unter folgendem Link:<br \/>\nhttps:\/\/www.dataprivacyframework.gov\/s\/participant-search\/participantdetail?<br \/>\ncontact=true&amp;id=a2zt000000001L5AAI&amp;status=Active<\/p>\n<p><strong>Font Awesome<\/strong><br \/>\nDiese Seite nutzt zur einheitlichen Darstellung von Schriftarten und Symbolen Font Awesome. Anbieter ist<br \/>\ndie Fonticons, Inc., 6 Porter Road Apartment 3R, Cambridge, Massachusetts, USA.<br \/>\nBeim Aufruf einer Seite l\u00e4dt Ihr Browser die ben\u00f6tigten Fonts in ihren Browsercache, um Texte, Schriftarten<br \/>\nund Symbole korrekt anzuzeigen. Zu diesem Zweck muss der von Ihnen verwendete Browser Verbindung zu<br \/>\nden Servern von Font Awesome aufnehmen. Hierdurch erlangt Font Awesome Kenntnis dar\u00fcber, dass \u00fcber<br \/>\nIhre IP-Adresse diese Website aufgerufen wurde. Die Nutzung von Font Awesome erfolgt auf Grundlage von<br \/>\nArt. 6 Abs. 1 lit. f DSGVO. Wir haben ein berechtigtes Interesse an der einheitlichen Darstellung des<br \/>\nSchriftbildes auf unserer Website. Sofern eine entsprechende Einwilligung abgefragt wurde, erfolgt die<br \/>\nVerarbeitung ausschlie\u00dflich auf Grundlage von Art. 6 Abs. 1 lit. a DSGVO und \u00a7 25 Abs. 1 TTDSG, soweit die<br \/>\nEinwilligung die Speicherung von Cookies oder den Zugriff auf Informationen im Endger\u00e4t des Nutzers (z. B.<br \/>\nDevice-Fingerprinting) im Sinne des TTDSG umfasst. Die Einwilligung ist jederzeit widerrufbar.<br \/>\nWenn Ihr Browser Font Awesome nicht unterst\u00fctzt, wird eine Standardschrift von Ihrem Computer genutzt.<br \/>\nWeitere Informationen zu Font Awesome finden Sie und in der Datenschutzerkl\u00e4rung von Font Awesome<br \/>\nunter:<br \/>\nhttps:\/\/fontawesome.com\/privacy.<\/p>\n<p>Quelle:<br \/>\nhttps:\/\/www.e-recht24.de<\/p>\n<\/div><\/div><\/div><\/div><\/div><\/div><\/section>\n","protected":false},"excerpt":{"rendered":"DATENSCHUTZ Datenschutzerkl\u00e4rung 1. Datenschutz auf einen Blick Allgemeine Hinweise Die folgenden Hinweise geben einen einfachen \u00dcberblick dar\u00fcber, was mit Ihren personenbezogenen Daten passiert, wenn Sie diese Website besuchen. Personenbezogene Daten sind alle Daten, mit denen Sie pers\u00f6nlich identifiziert werden k\u00f6nnen. Ausf\u00fchrliche Informationen zum Thema Datenschutz entnehmen Sie unserer unter diesem Text aufgef\u00fchrten Datenschutzerkl\u00e4rung. Datenerfassung auf...","protected":false},"author":1,"featured_media":0,"parent":0,"menu_order":0,"comment_status":"closed","ping_status":"closed","template":"","meta":{"footnotes":""},"class_list":["post-3972","page","type-page","status-publish","hentry"],"_links":{"self":[{"href":"https:\/\/ws-ladenbau.de\/index.php?rest_route=\/wp\/v2\/pages\/3972","targetHints":{"allow":["GET"]}}],"collection":[{"href":"https:\/\/ws-ladenbau.de\/index.php?rest_route=\/wp\/v2\/pages"}],"about":[{"href":"https:\/\/ws-ladenbau.de\/index.php?rest_route=\/wp\/v2\/types\/page"}],"author":[{"embeddable":true,"href":"https:\/\/ws-ladenbau.de\/index.php?rest_route=\/wp\/v2\/users\/1"}],"replies":[{"embeddable":true,"href":"https:\/\/ws-ladenbau.de\/index.php?rest_route=%2Fwp%2Fv2%2Fcomments&post=3972"}],"version-history":[{"count":3,"href":"https:\/\/ws-ladenbau.de\/index.php?rest_route=\/wp\/v2\/pages\/3972\/revisions"}],"predecessor-version":[{"id":4243,"href":"https:\/\/ws-ladenbau.de\/index.php?rest_route=\/wp\/v2\/pages\/3972\/revisions\/4243"}],"wp:attachment":[{"href":"https:\/\/ws-ladenbau.de\/index.php?rest_route=%2Fwp%2Fv2%2Fmedia&parent=3972"}],"curies":[{"name":"wp","href":"https:\/\/api.w.org\/{rel}","templated":true}]}}