{"id":1541,"date":"2016-08-04T13:32:08","date_gmt":"2016-08-04T13:32:08","guid":{"rendered":"http:\/\/impreza7.us-themes.com\/?page_id=1541"},"modified":"2023-10-10T21:58:48","modified_gmt":"2023-10-10T19:58:48","slug":"contact","status":"publish","type":"page","link":"https:\/\/ws-ladenbau.de\/?page_id=1541","title":{"rendered":"Impressum"},"content":{"rendered":"<section class=\"l-section wpb_row height_medium\"><div class=\"l-section-h i-cf\"><div class=\"g-cols vc_row via_grid cols_1 laptops-cols_inherit tablets-cols_inherit mobiles-cols_1 valign_top type_default stacking_default\"><div class=\"wpb_column vc_column_container us_custom_60e9caca us_animate_this\"><div class=\"vc_column-inner\"><div class=\"wpb_text_column\"><div class=\"wpb_wrapper\"><h3>IMPRESSUM<\/h3>\n<\/div><\/div><div class=\"w-separator size_large\"><\/div><div class=\"wpb_text_column\"><div class=\"wpb_wrapper\"><p>Angaben gem\u00e4\u00df \u00a7 5 TMG<\/p>\n<p>Weimann und Steinke &#8211; Ladenbau f\u00fcr B\u00e4ckereien und Gastronomie GmbH<br \/>\nMax-Planck-Stra\u00dfe 4<br \/>\n25335 Elmshorn<\/p>\n<p>Handelsregister: HRB 17219 PI<br \/>\nRegistergericht: Amtsgericht Pinneberg<\/p>\n<p>Vertreten durch:<br \/>\nFrank-Heinrich Kr\u00f6ger und Markus Leisner<\/p>\n<p>Kontakt:<br \/>\nTelefon: 04121 \u2013 57 80 58-0<br \/>\nTelefax: 04121 \u2013 57 80 58-70<br \/>\nE-Mail: info@ws-ladenbau.de<\/p>\n<p>Quelle:<br \/>\nhttps:\/\/www.e-recht24.de\/impressum-generator.html<\/p>\n<\/div><\/div><\/div><\/div><\/div><\/div><\/section>\n","protected":false},"excerpt":{"rendered":"IMPRESSUM Angaben gem\u00e4\u00df \u00a7 5 TMG Weimann und Steinke &#8211; Ladenbau f\u00fcr B\u00e4ckereien und Gastronomie GmbH Max-Planck-Stra\u00dfe 4 25335 Elmshorn Handelsregister: HRB 17219 PI Registergericht: Amtsgericht Pinneberg Vertreten durch: Frank-Heinrich Kr\u00f6ger und Markus Leisner Kontakt: Telefon: 04121 \u2013 57 80 58-0 Telefax: 04121 \u2013 57 80 58-70 E-Mail: info@ws-ladenbau.de Quelle: https:\/\/www.e-recht24.de\/impressum-generator.html","protected":false},"author":1,"featured_media":0,"parent":0,"menu_order":0,"comment_status":"closed","ping_status":"closed","template":"","meta":{"footnotes":""},"class_list":["post-1541","page","type-page","status-publish","hentry"],"_links":{"self":[{"href":"https:\/\/ws-ladenbau.de\/index.php?rest_route=\/wp\/v2\/pages\/1541","targetHints":{"allow":["GET"]}}],"collection":[{"href":"https:\/\/ws-ladenbau.de\/index.php?rest_route=\/wp\/v2\/pages"}],"about":[{"href":"https:\/\/ws-ladenbau.de\/index.php?rest_route=\/wp\/v2\/types\/page"}],"author":[{"embeddable":true,"href":"https:\/\/ws-ladenbau.de\/index.php?rest_route=\/wp\/v2\/users\/1"}],"replies":[{"embeddable":true,"href":"https:\/\/ws-ladenbau.de\/index.php?rest_route=%2Fwp%2Fv2%2Fcomments&post=1541"}],"version-history":[{"count":8,"href":"https:\/\/ws-ladenbau.de\/index.php?rest_route=\/wp\/v2\/pages\/1541\/revisions"}],"predecessor-version":[{"id":3976,"href":"https:\/\/ws-ladenbau.de\/index.php?rest_route=\/wp\/v2\/pages\/1541\/revisions\/3976"}],"wp:attachment":[{"href":"https:\/\/ws-ladenbau.de\/index.php?rest_route=%2Fwp%2Fv2%2Fmedia&parent=1541"}],"curies":[{"name":"wp","href":"https:\/\/api.w.org\/{rel}","templated":true}]}}